{"id":23,"date":"2017-12-10T18:19:03","date_gmt":"2017-12-10T18:19:03","guid":{"rendered":"http:\/\/echt-fiction.de\/?page_id=23"},"modified":"2020-04-14T16:04:44","modified_gmt":"2020-04-14T16:04:44","slug":"vorbemerkung-2","status":"publish","type":"page","link":"http:\/\/echt-fiction.de\/?page_id=23","title":{"rendered":"Vorbemerkung 2"},"content":{"rendered":"\n<p>Der Gesamtplan des <a href=\"https:\/\/www.degruyter.com\/viewbooktoc\/product\/www.degruyter.com\/viewbooktoc\/product\/119947\">Dornseiff <\/a>dient dem Roman als Ger\u00fcst. Erg\u00e4nzt wird es durch Inhalte des&nbsp;<a href=\"http:\/\/wortschatz.uni-leipzig.de\/de\">Wortschatzpotals <\/a>der Uni Leipzig, sowie des <a href=\"http:\/\/ds.ub.uni-bielefeld.de\/viewer\/toc\/ZKLuhm\/1\/\">Zettelkasten <\/a>Nikolas Luhmanns.<\/p>\n\n\n\n<p>Gro\u00dfartig und lebensl\u00e4nglich und spannend: Der Roman \u00fcbers Rollstuhlfahren in Schwabing, M\u00fcnchen, auf der Welt. Isa (Protagonisten der Autorin Bettina Boeck und Besitzerin eines Pudels ordnet Satz um Absatz in den Gesamtplan des Dornseiff ein. Die S\u00e4tze werden Texten, die Zeilen Gedichten entnommen. Jeder Textschnipsel den Bettina Boeck macht folgt dem Sprachduktus der Autorin, des Autors, den sie neulich, den sie gestern h\u00f6rte, oder dem, den sie eben gerade h\u00f6rt. Jede Menge W\u00f6rter, \u00fcber die sie nachdenken, die sie zum eigenen Leben in Beziehung setzen kann. \u201eFlaneurroman\u201c hei\u00dft die Gattung. Man kann den Entstehungsprozess auf <strong><a href=\"https:\/\/twitter.com\/poetischeswoert\/status\/943268629583400960\">Twitter<\/a><\/strong> und <a href=\"https:\/\/www.facebook.com\/bettina.boeck.7\/posts\/1209800435787124\">Facebook <\/a>und oder hier im Blog verfolgen.<\/p>\n","protected":false},"excerpt":{"rendered":"<p>Der Gesamtplan des Dornseiff dient dem Roman als Ger\u00fcst. Erg\u00e4nzt wird es durch Inhalte des&nbsp;Wortschatzpotals der Uni Leipzig, sowie des Zettelkasten Nikolas Luhmanns. Gro\u00dfartig und lebensl\u00e4nglich und spannend: Der Roman \u00fcbers Rollstuhlfahren in Schwabing, M\u00fcnchen, auf der Welt. Isa (Protagonisten &hellip; <a href=\"http:\/\/echt-fiction.de\/?page_id=23\">Weiterlesen <span class=\"meta-nav\">&rarr;<\/span><\/a><\/p>\n","protected":false},"author":2,"featured_media":0,"parent":0,"menu_order":0,"comment_status":"closed","ping_status":"closed","template":"","meta":{"footnotes":""},"class_list":["post-23","page","type-page","status-publish","hentry"],"_links":{"self":[{"href":"http:\/\/echt-fiction.de\/index.php?rest_route=\/wp\/v2\/pages\/23","targetHints":{"allow":["GET"]}}],"collection":[{"href":"http:\/\/echt-fiction.de\/index.php?rest_route=\/wp\/v2\/pages"}],"about":[{"href":"http:\/\/echt-fiction.de\/index.php?rest_route=\/wp\/v2\/types\/page"}],"author":[{"embeddable":true,"href":"http:\/\/echt-fiction.de\/index.php?rest_route=\/wp\/v2\/users\/2"}],"replies":[{"embeddable":true,"href":"http:\/\/echt-fiction.de\/index.php?rest_route=%2Fwp%2Fv2%2Fcomments&post=23"}],"version-history":[{"count":7,"href":"http:\/\/echt-fiction.de\/index.php?rest_route=\/wp\/v2\/pages\/23\/revisions"}],"predecessor-version":[{"id":648,"href":"http:\/\/echt-fiction.de\/index.php?rest_route=\/wp\/v2\/pages\/23\/revisions\/648"}],"wp:attachment":[{"href":"http:\/\/echt-fiction.de\/index.php?rest_route=%2Fwp%2Fv2%2Fmedia&parent=23"}],"curies":[{"name":"wp","href":"https:\/\/api.w.org\/{rel}","templated":true}]}}