{"id":660,"date":"2021-05-25T14:52:01","date_gmt":"2021-05-25T14:52:01","guid":{"rendered":"http:\/\/echt-fiction.de\/?page_id=660"},"modified":"2023-01-28T16:48:19","modified_gmt":"2023-01-28T16:48:19","slug":"mein-drehort","status":"publish","type":"page","link":"http:\/\/echt-fiction.de\/?page_id=660","title":{"rendered":"Mein Drehort"},"content":{"rendered":"\n<p><strong>Der Hubliftrollstuhl ist mein Drehort<\/strong><br><br>Das Architekturb\u00fcro #illigundpartner hatte tats\u00e4chlich keine Zeit. Die beste Alternative mit #ChristianSchr\u00f6der war schnell gefunden. Genau die richtige Wahl. Christian Schr\u00f6der, #Designer eines angesehenen K\u00fcchenherstellers, hatte sich genau wie sein #AlterEgo die #Kunstfigur #Christelle Meriten auf dem Gebiet der #Architektur verdient. Er ist nicht nur wie #SebastianIllig als alter #Schulfreund mit meiner #K\u00f6rperbehinderung vertraut, sondern auch ein begeisterter #Bewegungsmensch mit einem gro\u00dfen erz\u00e4hlerischen Talent.<br><br>Ich suchte f\u00fcr mein #Konzeptkunstprojekt #RollstuhlgerechtWohnenUndArbeiten #barrierefreiheitmussalsnationaleaufgabeverstandenwerden #Architekten<br>und #Designer, die zu mir passen. Nach Schr\u00f6ders Auffassung sollte eine #ArchitektinMitRollstuhlreisenUndRadsporterfahrung Die Planung meiner rollstuhlgerechten #Wohnung \u00fcbernehmen. Da sich #Luxus f\u00fcr #Rollstuhlfahrerinnen und #Rollstuhlfahrer noch immer in Kinderschuhen befindet. So kam #Christelle ins Spiel.<br><br>#BodiesMatterInReality<br>#RollstuhlgerechtBauen<br>#DerHubliftrollstuhlIstMeinDrehOrt<br>#sielebtmitdemhastag #ninetofivestadtschreiberin<br>#beweglichecollage #adstory<br>#LeseUndSchreibstoffaustauschRundgangUndKulturprojekt #conceptionalartistslifewithdog<br>\u202a#bodies_matter_in_reality<br>#MitDerHandSchreibenJaAberNurBlau<br>#wendekreis_des_elektrorollstuhls<br>#noncommercialmicroadvertising<\/p>\n\n\n\n<p><strong>Things to do in Munich?<\/strong> <\/p>\n\n\n\n<p>#SwimDrinkEatBikeTheIsarBierGardenAndVoices. #Wiesn<\/p>\n\n\n\n<p>#gourmetdiabetikerfingerfood #madamevaleriaschr\u00f6dersgoldfisch @CallLowCarbYummy #DrinksVollVeganYes #FingerFoodVolllVeganNope #StartZeit #Oktoberfest22 #kioskladendingeundso #Schwimmhalle ad @olympiapark #GutUndGesundZuEssenIstBegehrenswertWertvollEineGro\u00dfeSache #Diabetikerinnen &nbsp;#Diabetiker ( #CallLowCarbYummies !) #GourmetDiabetikerFingerfood &nbsp;#SpiceHealthUpWithTaste ad #LetsGetFamouslyHealthy #StoriesWithS &nbsp;@MadameValeriaSchr\u00f6dersGoldfisch #GourmetDiabetiker #Fingerfood #ReshapeLuxuryWillBecomeToOldAgeWhatClimbingIsToTheYoung&nbsp;<\/p>\n\n\n\n<p>@GoldfischPostcards @CallLowCarbYummies<\/p>\n\n\n\n<p>&nbsp;#woesmitderk\u00fcchehingeht &nbsp;@joinsteady &nbsp;#Infotainment &nbsp;@WellenUndBewegung &nbsp;@AmBoden.Wie? @MaybeARadioInside @anndemeulemeester_official @grandtourer02&nbsp;<\/p>\n\n\n\n<p> #StoriesMitS \u00a0@GoldfischPodcasts @ReshapeLuxury \u00a0@NachLadenschluss #DesignF\u00fcrRollstuhlfahrer @CallLowCarbYummy @AllesSchroeder @NextToNothing @AllesSchr\u00f6der @VollVegan #LetsGetFamouslyHealthySpiceHealthUpWithTaste @SmartLivingLabM\u00fcnchen @MadameValeriaSchr\u00f6der @StoriesMitS @DieTopSpotMadame @TheTopSpotMadame \u00a0#NachLadenschluss #letusrolltomandfeast #VollVegan \u00a0#dieanf\u00e4ngevonallemderhubliftrollstuhlistmeindrehort\u00a0<\/p>\n\n\n\n<p><br><br><br><\/p>\n","protected":false},"excerpt":{"rendered":"<p>Der Hubliftrollstuhl ist mein Drehort Das Architekturb\u00fcro #illigundpartner hatte tats\u00e4chlich keine Zeit. Die beste Alternative mit #ChristianSchr\u00f6der war schnell gefunden. Genau die richtige Wahl. Christian Schr\u00f6der, #Designer eines angesehenen K\u00fcchenherstellers, hatte sich genau wie sein #AlterEgo die #Kunstfigur #Christelle Meriten &hellip; <a href=\"http:\/\/echt-fiction.de\/?page_id=660\">Weiterlesen <span class=\"meta-nav\">&rarr;<\/span><\/a><\/p>\n","protected":false},"author":2,"featured_media":0,"parent":0,"menu_order":0,"comment_status":"closed","ping_status":"closed","template":"","meta":{"footnotes":""},"class_list":["post-660","page","type-page","status-publish","hentry"],"_links":{"self":[{"href":"http:\/\/echt-fiction.de\/index.php?rest_route=\/wp\/v2\/pages\/660","targetHints":{"allow":["GET"]}}],"collection":[{"href":"http:\/\/echt-fiction.de\/index.php?rest_route=\/wp\/v2\/pages"}],"about":[{"href":"http:\/\/echt-fiction.de\/index.php?rest_route=\/wp\/v2\/types\/page"}],"author":[{"embeddable":true,"href":"http:\/\/echt-fiction.de\/index.php?rest_route=\/wp\/v2\/users\/2"}],"replies":[{"embeddable":true,"href":"http:\/\/echt-fiction.de\/index.php?rest_route=%2Fwp%2Fv2%2Fcomments&post=660"}],"version-history":[{"count":2,"href":"http:\/\/echt-fiction.de\/index.php?rest_route=\/wp\/v2\/pages\/660\/revisions"}],"predecessor-version":[{"id":666,"href":"http:\/\/echt-fiction.de\/index.php?rest_route=\/wp\/v2\/pages\/660\/revisions\/666"}],"wp:attachment":[{"href":"http:\/\/echt-fiction.de\/index.php?rest_route=%2Fwp%2Fv2%2Fmedia&parent=660"}],"curies":[{"name":"wp","href":"https:\/\/api.w.org\/{rel}","templated":true}]}}