{"id":15,"date":"2017-12-10T18:02:45","date_gmt":"2017-12-10T18:02:45","guid":{"rendered":"http:\/\/echt-fiction.de\/?page_id=15"},"modified":"2020-04-14T16:04:29","modified_gmt":"2020-04-14T16:04:29","slug":"biagraphie","status":"publish","type":"page","link":"https:\/\/echt-fiction.de\/?page_id=15","title":{"rendered":"Biographie"},"content":{"rendered":"\n<p><a href=\"https:\/\/www.facebook.com\/bettina.boeck.7\/posts\/1195046847262483\">Bettina<\/a> Boeck, geboren 1967, wollte Juristin werden oder Psychoanalytikerin. Sie schloss einen Kompromiss und wurde <a href=\"https:\/\/www.facebook.com\/bettina.boeck.7\/posts\/1235553109878523\">Mikrotexterin<\/a>.&nbsp;<em>&nbsp;(NINE TO FIVE-#beweglicheCollage, #bCFZ)<\/em><\/p>\n\n\n\n<p>Nach einem schlechten Abitur begann sie zielstrebig durch den Englischen Garten zu fahren. Das ebenso zielstrebig durchgesetzte <a href=\"https:\/\/twitter.com\/poetischeswoert\">H\u00e4rtefall-Studium<\/a> Psychologie wurde verst\u00e4ndlicherweise relativ abrupt beendet. (Statistik mehrmals null Punkte.) Ein anschlie\u00dfendes Studium der Amerikanistik, Komperatistik, Literarische \u00dcbersetzung wurde erstaunlicherweise, wenn auch nicht z\u00fcgig mit einem Magister in Komperatistik und Amerikanistik abgeschlossen. Mittendrin machte sie eine Hospitanz beim Sender Freies Berlin und bei Herbert Kapfer BR, wo sie ihre Liebe zum H\u00f6rspiel entdeckte. Anschlie\u00dfend ein Volontariat beim Bayerischen Tatort (Silvia Koller) Danach las sie Drehb\u00fccher und schrieb Texte f\u00fcr Kinder. Die Zeit: Millenium-Hyp, Einst\u00fcrzende Twin Towers, B\u00f6rsencrash.<\/p>\n\n\n\n<p>Als sie 2012 Facebook beitrat, hatte sie das Gef\u00fchl endg\u00fcltig nichts mehr zu verlieren zu haben. Allerdings stolperte sie wenige Wochen sp\u00e4ter \u00fcber ein Starensemble an Autoren. Und war fort an stark beeindruckt. Sie lernte bei <a href=\"https:\/\/www.facebook.com\/matthias.matussek\">Matthias Matussek<\/a>,<a href=\"https:\/\/twitter.com\/dvg\"> Stephan Porombka<\/a>, <a href=\"https:\/\/www.facebook.com\/rroenne\">Ronja von R\u00f6nne<\/a>, <a href=\"https:\/\/twitter.com\/dvg\">Dirk von Gehlen<\/a>, <a href=\"https:\/\/www.facebook.com\/sandra.hoffmann.1276\">Sandra Hoffmann<\/a>, <a href=\"https:\/\/twitter.com\/gomringernora?lang=de\">Nora Gombringer<\/a>, <a href=\"https:\/\/www.facebook.com\/anne.waak\">Anne Waak<\/a>, <a href=\"https:\/\/www.facebook.com\/jo.lendle\">Jo Lendle<\/a>, <a href=\"https:\/\/www.facebook.com\/claudius.seidl\">Claudius Seidel<\/a> , <a href=\"https:\/\/www.facebook.com\/katja.kullmann\">Katja Kullmann<\/a>, <a href=\"https:\/\/www.facebook.com\/moritzvonuslar\">Moritz von Usla<\/a>r, <a href=\"https:\/\/twitter.com\/sinnundverstand?lang=de\">Wiebke Ladwig<\/a>, <a href=\"https:\/\/www.facebook.com\/eva.kirschenhofer\">Eva Kirschenhofer<\/a>, <a href=\"https:\/\/www.facebook.com\/bjorn.stephan.3\">Bj\u00f6rn Stephan<\/a>, <a href=\"https:\/\/twitter.com\/kottederfranz?lang=de\">Franz Kotteder<\/a>, <a href=\"https:\/\/www.facebook.com\/search\/top\/?q=Christian%20Seiler\">Christian Seiler<\/a>, <a href=\"https:\/\/www.facebook.com\/blaues.sofa\">Christiane Munsberg<\/a>, <a href=\"https:\/\/www.facebook.com\/cordt.schnibben\">Cord Schnibben<\/a>, <a href=\"https:\/\/www.facebook.com\/claas.tatje\">Claas Tatje<\/a>, <a href=\"https:\/\/twitter.com\/p_illinger?lang=de\">Patrick Illinger<\/a>, <a href=\"https:\/\/www.facebook.com\/dominik.wichmann\">Dominik Wiechmann<\/a>, <a href=\"https:\/\/www.facebook.com\/search\/top\/?q=Patrick%20Bauer\">Patrick Bauer<\/a>, <a href=\"https:\/\/www.facebook.com\/jan.oberlaender\">Jan Oberl\u00e4nder<\/a> und <a href=\"https:\/\/twitter.com\/HaticeAkyuen\">Hatice Aky\u00fcn <\/a>(um nur wenige zu nennen) das Mikrotexten. Oder anders ausgedr\u00fcckt zu twittern eine Kunst, die zu einem nicht geringen Teil darin besteht, st\u00e4ndig online und zur rechten Zeit (ver)st\u00f6rend zu sein. Weshalb Plagiieren Teil der T\u00e4tigkeit sein kann.<\/p>\n","protected":false},"excerpt":{"rendered":"<p>Bettina Boeck, geboren 1967, wollte Juristin werden oder Psychoanalytikerin. Sie schloss einen Kompromiss und wurde Mikrotexterin.&nbsp;&nbsp;(NINE TO FIVE-#beweglicheCollage, #bCFZ) Nach einem schlechten Abitur begann sie zielstrebig durch den Englischen Garten zu fahren. Das ebenso zielstrebig durchgesetzte H\u00e4rtefall-Studium Psychologie wurde verst\u00e4ndlicherweise &hellip; <a href=\"https:\/\/echt-fiction.de\/?page_id=15\">Weiterlesen <span class=\"meta-nav\">&rarr;<\/span><\/a><\/p>\n","protected":false},"author":2,"featured_media":0,"parent":0,"menu_order":0,"comment_status":"closed","ping_status":"closed","template":"","meta":{"footnotes":""},"class_list":["post-15","page","type-page","status-publish","hentry"],"_links":{"self":[{"href":"https:\/\/echt-fiction.de\/index.php?rest_route=\/wp\/v2\/pages\/15","targetHints":{"allow":["GET"]}}],"collection":[{"href":"https:\/\/echt-fiction.de\/index.php?rest_route=\/wp\/v2\/pages"}],"about":[{"href":"https:\/\/echt-fiction.de\/index.php?rest_route=\/wp\/v2\/types\/page"}],"author":[{"embeddable":true,"href":"https:\/\/echt-fiction.de\/index.php?rest_route=\/wp\/v2\/users\/2"}],"replies":[{"embeddable":true,"href":"https:\/\/echt-fiction.de\/index.php?rest_route=%2Fwp%2Fv2%2Fcomments&post=15"}],"version-history":[{"count":43,"href":"https:\/\/echt-fiction.de\/index.php?rest_route=\/wp\/v2\/pages\/15\/revisions"}],"predecessor-version":[{"id":646,"href":"https:\/\/echt-fiction.de\/index.php?rest_route=\/wp\/v2\/pages\/15\/revisions\/646"}],"wp:attachment":[{"href":"https:\/\/echt-fiction.de\/index.php?rest_route=%2Fwp%2Fv2%2Fmedia&parent=15"}],"curies":[{"name":"wp","href":"https:\/\/api.w.org\/{rel}","templated":true}]}}