{"id":27,"date":"2017-12-10T18:25:11","date_gmt":"2017-12-10T18:25:11","guid":{"rendered":"http:\/\/echt-fiction.de\/?page_id=27"},"modified":"2020-04-14T16:09:13","modified_gmt":"2020-04-14T16:09:13","slug":"die-bewegliche-collage","status":"publish","type":"page","link":"https:\/\/echt-fiction.de\/","title":{"rendered":"Die bewegliche Collage"},"content":{"rendered":"\n<p>Ich baue NINE TO FIVE eine bewegliche Collage. Ich schreibe Lyrik und einen Mikrotextroman auf <a href=\"https:\/\/www.facebook.com\/bettina.boeck.7\/posts\/1195046847262483\">Facebook<\/a>.<\/p>\n\n\n\n<p>NINE TO FIVE ist mein privates Webblog, auf dem ich bemerkenswerte <a href=\"https:\/\/www.facebook.com\/bettina.boeck.7\/posts\/1222653451168489\">Fotofundst\u00fccke<\/a>, deren gemeinsames Merkmal <a href=\"https:\/\/twitter.com\/poetischeswoert\/status\/795296918897299457\">Fibonacci-Zahlen<\/a> sind und eigene Texte zu einer beweglichen Collage <a href=\"https:\/\/www.facebook.com\/bettina.boeck.7\/posts\/1226746807425820\">zusammensetze<\/a>.<\/p>\n\n\n\n<p>Regelm\u00e4\u00dfige Leser*innen meiner Facebook Seite <a href=\"https:\/\/www.facebook.com\/bettina.boeck.7\/posts\/1223464024420765\">wissen<\/a>: ich habe ein gro\u00dfes Faible f\u00fcr <a href=\"https:\/\/www.facebook.com\/bettina.boeck.7\/posts\/1081730341927468\">Muster<\/a>. Schon deshalb habe ich mit Interesse aufgemerkt als ich vor ein paar Wochen #Norbert Lossaus <a href=\"http:\/\/www.welt.de\/wissenschaft\/article150863747\/Haben-wir-die-Mathematik-erfunden-oder-nur-entdeckt.html\">Artikel <\/a>las, der die <a href=\"https:\/\/www.facebook.com\/bettina.boeck.7\/posts\/1224247717675729\">Themen<\/a> #Erfindung #<a href=\"https:\/\/www.facebook.com\/bettina.boeck.7\/posts\/1152957118138123\">Entdeckung<\/a> #Denkmuster #Natur und #Zahlen behandelt. Grund genug, mir selber einen Fragebogen zu schicken. Hier stehen meine Antworten. <a href=\"https:\/\/www.facebook.com\/bettina.boeck.7\/posts\/1217904121643422\">NINE TO FIVE<\/a>. Es ist eine bewegliche Collage aus Mikrotexten. F\u00fcr diese <a href=\"https:\/\/twitter.com\/poetischeswoert\/status\/947182570479013889?s=17\">Collage<\/a> habe ich einen Rahmen entworfen, der den Leser teilhaben l\u00e4sst an meinem Arbeitstag: Beobachtungen, Eindr\u00fccke von Bildern, Mikrotexte, Formen, erz\u00e4hlerischen Energieaustauschs und tiefer im Blogg die Fibonacci-Zahlen und Formate \/ Seitenarme. Das Blog ist wie ein digitales Gehirn\u2013jeder kann seine eigene Schnittstelle finden.<\/p>\n\n\n\n<p><strong>Warum mache ich es (so)?\u00a0<\/strong><\/p>\n\n\n\n<p>Die Motivation f\u00fcr das Blog kommt durch meine angeborene K\u00f6rperbehinderung (<a href=\"https:\/\/www.facebook.com\/bettina.boeck.7\/posts\/842889742478197\">Spastik<\/a>), die Reisen, oft selbstst\u00e4ndige Kaffeehausbesuche nicht mehr m\u00f6glich macht. Zwar werde ich mit immer aktuellerer Technik versorgt, aber Schmerzen und Verschlechterung kann ich damit nur schwer aufhalten. Da muss ich kreativ werden \u2013 das hei\u00dft Bilder finden und H\u00f6rfetzen und schreiben. Die Ausgangsfrage f\u00fcr das Projekt war daher: welche Erz\u00e4hlstruktur und welche Formate optimal geeignet sind, um meine manuelle Ungeschicklichkeit und meine k\u00f6rperliche Langsamkeit auszugleichen. #Fotofundst\u00fcck#H\u00f6rfetzen#Videoschnipsel und #Textfragment,<\/p>\n\n\n\n<p>Mein Ansatz fu\u00dft auf zwei Elementen: zum einen habe ich lange, intensiv Facebook gelesen und &#8222;bespielt&#8220; und gesehen, dass mir ein Thema immer wichtiger wird: &#8222;Die Stadt im Fluss&#8220;, die sich zu Formaten verdichtet und Handlungsstr\u00e4nge entwickelt und daher vieles miteinander in Beziehung setzt.<\/p>\n\n\n\n<p>Diese vernetzende Struktur habe ich als Ausgangspunkt genommen. Und zum zweiten war ich von Anfang an auf Facebook mit bemerkenswerten <a href=\"https:\/\/twitter.com\/poetischeswoert\/status\/949153374720614400\">K\u00fcnstlern<\/a> verbunden und habe NINE TO FIVE\u00a0 mit ihrer Unterst\u00fctzung entwickelt, viel kommuniziert getestet, kuratiert, Feedback geholt und gespielt. &#8222;I love to do the same thing over and over again&#8220; #AndyWahol #DonaldDuck #EricaFuchs #&#8220;Foto #Banane #schwarz-wei\u00dfer-Pudel<\/p>\n\n\n\n<p><strong>Wer soll sich daf\u00fcr interessieren?\u00a0<\/strong><\/p>\n\n\n\n<p>Ich spreche Leser von digitalen Geschichten an. Meinen Leserkreis konnte ich schon sehr weit einschr\u00e4nken, indem ich mit einem Facebook-Account getestet habe, wer sich \u00fcberhaupt f\u00fcr digitale Traum-St\u00e4tten interessiert und hier ein Defizit an Bewegungs- und Spielr\u00e4umen sp\u00fcrt. In erster Linie sind das eher junge Menschen, die einen Hochschulhintergrund haben, die selber einer kreativen Arbeit nachgehen und sich mehr Konzentration auf Sprache an sich sowie digitale Stadttr\u00e4ume mit starken Bildern w\u00fcnschen.<\/p>\n\n\n\n<p><strong>Wie geht der Arbeitsprozess vor sich?<\/strong> <\/p>\n\n\n\n<p>Zun\u00e4chst suche ich die Fotos aus. Anschlie\u00dfend lege ich mit der Textproduktion los und poste das erste Mikrotextelement. #bCFZ (beweglicheCollage) #TfL (Thanks for Lending) Wegen der <a href=\"https:\/\/twitter.com\/poetischeswoert\">Spastik<\/a> diktiere ich alles mit einem Spracherkennungsprogramm, ein eifrig stockendes Einzelunternehmen. Eigennamen m\u00fcssten \u2013 einfach nicht machbar \u2013 Buchstabe f\u00fcr Buchstabe eingegeben werden. Au\u00dferdem k\u00f6nnen Fotografen sp\u00e4ter ihr in die Mikroskulptur eingegangenes Facebook- oder Twitter-Foto bei mir als \u201egestohlen\u201c melden und bekommen daf\u00fcr noch mal ein &#8222;Gef\u00e4llt mir&#8220;, falls das Projekt anfangs nicht genug Zuspruch findet. <\/p>\n\n\n\n<p><strong>Was sollen Fotografen und bildende K\u00fcnstler davon haben? <\/strong><\/p>\n\n\n\n<p>Komplexe Bilder sind oft sperrig und schwer zu begreifen \u2013 es kann aber unglaublich spannend sein, sich mit ihnen zu besch\u00e4ftigen. Deshalb stelle ich sie in einen neuen Zusammenhang, woraus sich unterschiedlichste fiktive Zug\u00e4nge und damit Verwendungszwecke ergeben. Vom Zeitungsbild bis hin zu <a href=\"https:\/\/www.facebook.com\/bettina.boeck.7\/posts\/1221245804642587\">Bildern<\/a> in R\u00e4umen und auf Schulterbl\u00e4ttern. Dadurch soll es Spa\u00df machen, sich ausf\u00fchrlich \u00fcber K\u00fcnstler und Fotografen zu informieren. <\/p>\n\n\n\n<p>Urheber bzw. Herkunftsort eines Bildes sind f\u00fcr jeden \u00fcber mein Facebook- oder Twitter-Aktivit\u00e4tsprotokoll nachzuvollziehen; die verschiedenen sozialen Netzwerke:<\/p>\n\n\n\n<ul class=\"wp-block-list\"><li><a rel=\"noreferrer noopener\" data-saferedirecturl=\"https:\/\/www.google.com\/url?hl=de&amp;q=https:\/\/www.facebook.com\/bettina.boeck.7&amp;source=gmail&amp;ust=1513015128947000&amp;usg=AFQjCNGcj9XdMZU-BEu-8RTcjmf4EfNWDw\" href=\"https:\/\/www.facebook.com\/bettina.boeck.7\" target=\"_blank\">https:\/\/www.facebook.com\/bettina.boeck.7<\/a><\/li><li><a rel=\"noreferrer noopener\" data-saferedirecturl=\"https:\/\/www.google.com\/url?hl=de&amp;q=https:\/\/twitter.com\/Kunstbrei&amp;source=gmail&amp;ust=1513015128947000&amp;usg=AFQjCNHWtRTHaTWAtl29bRVXiZmlpXxoMw\" href=\"https:\/\/twitter.com\/Kunstbrei\" target=\"_blank\">https:\/\/twitter.com\/Kunstbrei<\/a><\/li><li><a rel=\"noreferrer noopener\" data-saferedirecturl=\"https:\/\/www.google.com\/url?hl=de&amp;q=https:\/\/twitter.com\/poetischeswoert&amp;source=gmail&amp;ust=1513015128947000&amp;usg=AFQjCNHQ_q39ghJfRkZ6G8PzGFocS7FPDQ\" href=\"https:\/\/twitter.com\/poetischeswoert\" target=\"_blank\">https:\/\/twitter.com\/poetischeswoert<\/a><\/li><\/ul>\n\n\n\n<p><\/p>\n","protected":false},"excerpt":{"rendered":"<p>Ich baue NINE TO FIVE eine bewegliche Collage. Ich schreibe Lyrik und einen Mikrotextroman auf Facebook. NINE TO FIVE ist mein privates Webblog, auf dem ich bemerkenswerte Fotofundst\u00fccke, deren gemeinsames Merkmal Fibonacci-Zahlen sind und eigene Texte zu einer beweglichen Collage &hellip; <a href=\"https:\/\/echt-fiction.de\/\">Weiterlesen <span class=\"meta-nav\">&rarr;<\/span><\/a><\/p>\n","protected":false},"author":2,"featured_media":0,"parent":0,"menu_order":0,"comment_status":"closed","ping_status":"closed","template":"","meta":{"footnotes":""},"class_list":["post-27","page","type-page","status-publish","hentry"],"_links":{"self":[{"href":"https:\/\/echt-fiction.de\/index.php?rest_route=\/wp\/v2\/pages\/27","targetHints":{"allow":["GET"]}}],"collection":[{"href":"https:\/\/echt-fiction.de\/index.php?rest_route=\/wp\/v2\/pages"}],"about":[{"href":"https:\/\/echt-fiction.de\/index.php?rest_route=\/wp\/v2\/types\/page"}],"author":[{"embeddable":true,"href":"https:\/\/echt-fiction.de\/index.php?rest_route=\/wp\/v2\/users\/2"}],"replies":[{"embeddable":true,"href":"https:\/\/echt-fiction.de\/index.php?rest_route=%2Fwp%2Fv2%2Fcomments&post=27"}],"version-history":[{"count":23,"href":"https:\/\/echt-fiction.de\/index.php?rest_route=\/wp\/v2\/pages\/27\/revisions"}],"predecessor-version":[{"id":657,"href":"https:\/\/echt-fiction.de\/index.php?rest_route=\/wp\/v2\/pages\/27\/revisions\/657"}],"wp:attachment":[{"href":"https:\/\/echt-fiction.de\/index.php?rest_route=%2Fwp%2Fv2%2Fmedia&parent=27"}],"curies":[{"name":"wp","href":"https:\/\/api.w.org\/{rel}","templated":true}]}}